{"id":1020,"date":"2025-07-23T19:29:28","date_gmt":"2025-07-23T17:29:28","guid":{"rendered":"https:\/\/sitios-nonprod.mendoza.gob.ar\/seguridadyjusticia\/?page_id=1020"},"modified":"2025-08-13T19:17:01","modified_gmt":"2025-08-13T17:17:01","slug":"espejos-de-agua-y-cauces-de-riego","status":"publish","type":"page","link":"https:\/\/sitios-nonprod.mendoza.gob.ar\/seguridadyjusticia\/espejos-de-agua-y-cauces-de-riego\/","title":{"rendered":"Espejos de agua y cauces de riego"},"content":{"rendered":"[et_pb_section fb_built=\u00bb1&#8243; admin_label=\u00bbsection\u00bb _builder_version=\u00bb4.16&#8243; global_colors_info=\u00bb{}\u00bb][et_pb_row admin_label=\u00bbrow\u00bb _builder_version=\u00bb4.16&#8243; background_size=\u00bbinitial\u00bb background_position=\u00bbtop_left\u00bb background_repeat=\u00bbrepeat\u00bb global_colors_info=\u00bb{}\u00bb][et_pb_column type=\u00bb4_4&#8243; _builder_version=\u00bb4.16&#8243; custom_padding=\u00bb|||\u00bb global_colors_info=\u00bb{}\u00bb custom_padding__hover=\u00bb|||\u00bb][et_pb_post_title _builder_version=\u00bb4.27.4&#8243; _module_preset=\u00bbdefault\u00bb meta=\u00bboff\u00bb featured_image=\u00bboff\u00bb hover_enabled=\u00bb0&#8243; sticky_enabled=\u00bb0&#8243; locked=\u00bboff\u00bb][\/et_pb_post_title][et_pb_text admin_label=\u00bbText\u00bb _builder_version=\u00bb4.16&#8243; background_size=\u00bbinitial\u00bb background_position=\u00bbtop_left\u00bb background_repeat=\u00bbrepeat\u00bb global_colors_info=\u00bb{}\u00bb]\n<p class=\"has-black-color has-text-color has-link-color has-medium-font-size wp-elements-e73a48e640c89d9e9828921f225ae1f7\"><strong>Uso seguro de espejos de agua y prohibici\u00f3n de ba\u00f1arse en cauces de riego en Mendoza<\/strong><\/p>\n\n\n\n<p class=\"has-black-color has-text-color has-link-color wp-elements-de859d7f8de089735f96ff006cccb6ef\">Mendoza tiene varios espejos de agua (embalses, diques, r\u00edos) que pueden disfrutarse con seguridad siguiendo algunas precauciones. Record\u00e1 que los cauces de riego no son aptos para el ba\u00f1o y est\u00e1 prohibido usarlos con ese fin, conforme a la normativa provincial 8784\/15 y el C\u00f3digo Contravenciones de la Provincia 3365 Titulo 6 faltas contra la Seguridad P\u00fablica. El incumplimiento de esta normativa puede poner en riesgo su vida y la de terceros, adem\u00e1s de acarrear sanciones legales.<\/p>\n\n\n\n<p class=\"has-black-color has-text-color has-link-color has-medium-font-size wp-elements-6c454295a51fee0c0025823ce04af777\"><strong>1. Identific\u00e1 zonas autorizadas para ba\u00f1arse o hacer uso recreativo del agua.<\/strong><\/p>\n\n\n\n<p class=\"has-black-color has-text-color has-link-color has-medium-font-size wp-elements-f488e94ec8341a441557a18cb9fa7bfc\"><strong>2. Segu<\/strong>\u00ed<strong> las se\u00f1ales de advertencia<\/strong><\/p>\n\n\n\n<p class=\"has-black-color has-text-color has-link-color wp-elements-f1e5e1cac5eb183d01bf596e4c08eee4\">\ud83d\udea9 <strong>Banderas:<\/strong><\/p>\n\n\n\n<p class=\"has-black-color has-text-color has-link-color wp-elements-046ac458249ed97c6daf4ef27c8d57bc\"><strong>Celeste:<\/strong> Apto para ba\u00f1arse.<\/p>\n\n\n\n<p class=\"has-black-color has-text-color has-link-color wp-elements-46b29abee26d40ffde9051a053e8828f\"><strong>Negro y amarillo:<\/strong> Precauci\u00f3n.<\/p>\n\n\n\n<p class=\"has-black-color has-text-color has-link-color wp-elements-b2c8858c4941b4d4cd7d7b6fe645e9ba\"><strong>Negro y rojo:<\/strong> Peligroso.<\/p>\n\n\n\n<p class=\"has-black-color has-text-color has-link-color wp-elements-3fa07d5fb6b723a639dac3e8f252ca0b\"><strong>Rojo:<\/strong> Prohibido ba\u00f1arse.<\/p>\n\n\n\n<p class=\"has-black-color has-text-color has-link-color wp-elements-b9f313b505e57130269ac5b2a7254fdd\">\u2693 <strong>Boyas:<\/strong> Delimitan las zonas permitidas para el ba\u00f1o y se\u00f1alan \u00e1reas profundas o de navegaci\u00f3n.<\/p>\n\n\n\n<h4 class=\"wp-block-heading has-black-color has-text-color has-link-color has-medium-font-size wp-elements-65b49744e2be43dcb166572c49beca55\"><strong>3. Evit\u00e1 imprudencias<\/strong><\/h4>\n\n\n\n<p class=\"has-black-color has-text-color has-link-color wp-elements-a8c16d37ff5d497673f83206427aef8b\">\ud83d\udeab No te ba\u00f1\u00e9s en lugares no habilitados, ya que puede ser peligroso.<\/p>\n\n\n\n<p class=\"has-black-color has-text-color has-link-color wp-elements-191d8ec3769ad845e85d4b9302686717\">\ud83c\udf7d\ufe0f Evit\u00e1 ingresar al agua si no han pasado al menos 30 minutos, despu\u00e9s de haber ingerido alimentos ya que puede dificultar tu movilidad.<\/p>\n\n\n\n<p class=\"has-black-color has-text-color has-link-color wp-elements-6a64d5574d45c03ac9236eaff7d48794\">\ud83c\udf0a Si sent\u00eds una corriente fuerte, sal\u00ed de inmediato.<\/p>\n\n\n\n<p class=\"has-black-color has-text-color has-link-color wp-elements-19c9e8359e9508e409c30b3d74eedda7\">\ud83c\udf7b No ingres\u00e9s al agua si has consumido alcohol o drogas.<\/p>\n\n\n\n<p class=\"has-black-color has-text-color has-link-color wp-elements-0286f9897d01e7453a78e01d93710f5c\">\ud83c\udfca No te lanc\u00e9s sin conocer la profundidad ni nad\u00e9s solo en aguas abiertas.<\/p>\n\n\n\n<h4 class=\"wp-block-heading has-black-color has-text-color has-link-color has-medium-font-size wp-elements-e3ce782da39eea163db853960b486d7e\"><strong>4. En caso de emergencia<\/strong><\/h4>\n\n\n\n<p class=\"has-black-color has-text-color has-link-color wp-elements-36fb343ffd0643350cbad0612f6ad915\">\ud83d\udcde Llam\u00e1 al 911 y da la ubicaci\u00f3n exacta.<\/p>\n\n\n\n<p class=\"has-black-color has-text-color has-link-color wp-elements-525b2f8610c644d2d58cd9cd7131b930\">\ud83d\ude91 Ped\u00ed ayuda al guardavidas o personal de seguridad.<\/p>\n\n\n\n<p class=\"has-black-color has-text-color has-link-color wp-elements-bdc03e035e332c4d38e18b288c045de8\">\u274c No intent\u00e9s un rescate sin entrenamiento en salvamento acu\u00e1tico. En su lugar, busc\u00e1 ayuda profesional.<\/p>\n\n\n\n<p class=\"has-black-color has-text-color has-link-color wp-elements-63b20ddb68aa4c6d1e25d2f9b296b23b\">Siguiendo estas recomendaciones, <strong>disfrutamos de los espejos de agua de Mendoza de manera segura.                                                                                                                               \u00a1Prevenir es la clave!<\/strong><\/p>\n[\/et_pb_text][\/et_pb_column][\/et_pb_row][\/et_pb_section]","protected":false},"excerpt":{"rendered":"<p>Uso seguro de espejos de agua y prohibici\u00f3n de ba\u00f1arse en cauces de riego en Mendoza Mendoza tiene varios espejos de agua (embalses, diques, r\u00edos) que pueden disfrutarse con seguridad siguiendo algunas precauciones. Record\u00e1 que los cauces de riego no son aptos para el ba\u00f1o y est\u00e1 prohibido usarlos con ese fin, conforme a la [&hellip;]<\/p>\n","protected":false},"author":26,"featured_media":0,"parent":0,"menu_order":0,"comment_status":"closed","ping_status":"closed","template":"","meta":{"_et_pb_use_builder":"on","_et_pb_old_content":"<!-- wp:paragraph {\"style\":{\"elements\":{\"link\":{\"color\":{\"text\":\"var:preset|color|black\"}}}},\"textColor\":\"black\",\"fontSize\":\"medium\"} -->\n<p class=\"has-black-color has-text-color has-link-color has-medium-font-size\"><strong>Uso seguro de espejos de agua y prohibici\u00f3n de ba\u00f1arse en cauces de riego en Mendoza<\/strong><\/p>\n<!-- \/wp:paragraph -->\n\n<!-- wp:paragraph {\"style\":{\"elements\":{\"link\":{\"color\":{\"text\":\"var:preset|color|black\"}}}},\"textColor\":\"black\"} -->\n<p class=\"has-black-color has-text-color has-link-color\">Mendoza tiene varios espejos de agua (embalses, diques, r\u00edos) que pueden disfrutarse con seguridad siguiendo algunas precauciones. Record\u00e1 que los cauces de riego no son aptos para el ba\u00f1o y est\u00e1 prohibido usarlos con ese fin, conforme a la normativa provincial 8784\/15 y el C\u00f3digo Contravenciones de la Provincia 3365 Titulo 6 faltas contra la Seguridad P\u00fablica. El incumplimiento de esta normativa puede poner en riesgo su vida y la de terceros, adem\u00e1s de acarrear sanciones legales.<\/p>\n<!-- \/wp:paragraph -->\n\n<!-- wp:paragraph {\"style\":{\"elements\":{\"link\":{\"color\":{\"text\":\"var:preset|color|black\"}}}},\"textColor\":\"black\",\"fontSize\":\"medium\"} -->\n<p class=\"has-black-color has-text-color has-link-color has-medium-font-size\"><strong>1. Identific\u00e1 zonas autorizadas para ba\u00f1arse o hacer uso recreativo del agua.<\/strong><\/p>\n<!-- \/wp:paragraph -->\n\n<!-- wp:paragraph {\"style\":{\"elements\":{\"link\":{\"color\":{\"text\":\"var:preset|color|black\"}}}},\"textColor\":\"black\",\"fontSize\":\"medium\"} -->\n<p class=\"has-black-color has-text-color has-link-color has-medium-font-size\"><strong>2. Segu<\/strong>\u00ed<strong> las se\u00f1ales de advertencia<\/strong><\/p>\n<!-- \/wp:paragraph -->\n\n<!-- wp:paragraph {\"style\":{\"elements\":{\"link\":{\"color\":{\"text\":\"var:preset|color|black\"}}}},\"textColor\":\"black\"} -->\n<p class=\"has-black-color has-text-color has-link-color\">\ud83d\udea9 <strong>Banderas:<\/strong><\/p>\n<!-- \/wp:paragraph -->\n\n<!-- wp:paragraph {\"style\":{\"elements\":{\"link\":{\"color\":{\"text\":\"var:preset|color|black\"}}}},\"textColor\":\"black\"} -->\n<p class=\"has-black-color has-text-color has-link-color\"><strong>Celeste:<\/strong> Apto para ba\u00f1arse.<\/p>\n<!-- \/wp:paragraph -->\n\n<!-- wp:paragraph {\"style\":{\"elements\":{\"link\":{\"color\":{\"text\":\"var:preset|color|black\"}}}},\"textColor\":\"black\"} -->\n<p class=\"has-black-color has-text-color has-link-color\"><strong>Negro y amarillo:<\/strong> Precauci\u00f3n.<\/p>\n<!-- \/wp:paragraph -->\n\n<!-- wp:paragraph {\"style\":{\"elements\":{\"link\":{\"color\":{\"text\":\"var:preset|color|black\"}}}},\"textColor\":\"black\"} -->\n<p class=\"has-black-color has-text-color has-link-color\"><strong>Negro y rojo:<\/strong> Peligroso.<\/p>\n<!-- \/wp:paragraph -->\n\n<!-- wp:paragraph {\"style\":{\"elements\":{\"link\":{\"color\":{\"text\":\"var:preset|color|black\"}}}},\"textColor\":\"black\"} -->\n<p class=\"has-black-color has-text-color has-link-color\"><strong>Rojo:<\/strong> Prohibido ba\u00f1arse.<\/p>\n<!-- \/wp:paragraph -->\n\n<!-- wp:paragraph {\"style\":{\"elements\":{\"link\":{\"color\":{\"text\":\"var:preset|color|black\"}}}},\"textColor\":\"black\"} -->\n<p class=\"has-black-color has-text-color has-link-color\">\u2693 <strong>Boyas:<\/strong> Delimitan las zonas permitidas para el ba\u00f1o y se\u00f1alan \u00e1reas profundas o de navegaci\u00f3n.<\/p>\n<!-- \/wp:paragraph -->\n\n<!-- wp:heading {\"level\":4,\"style\":{\"elements\":{\"link\":{\"color\":{\"text\":\"var:preset|color|black\"}}}},\"textColor\":\"black\",\"fontSize\":\"medium\"} -->\n<h4 class=\"wp-block-heading has-black-color has-text-color has-link-color has-medium-font-size\"><strong>3. Evit\u00e1 imprudencias<\/strong><\/h4>\n<!-- \/wp:heading -->\n\n<!-- wp:paragraph {\"style\":{\"elements\":{\"link\":{\"color\":{\"text\":\"var:preset|color|black\"}}}},\"textColor\":\"black\"} -->\n<p class=\"has-black-color has-text-color has-link-color\">\ud83d\udeab No te ba\u00f1\u00e9s en lugares no habilitados, ya que puede ser peligroso.<\/p>\n<!-- \/wp:paragraph -->\n\n<!-- wp:paragraph {\"style\":{\"elements\":{\"link\":{\"color\":{\"text\":\"var:preset|color|black\"}}}},\"textColor\":\"black\"} -->\n<p class=\"has-black-color has-text-color has-link-color\">\ud83c\udf7d\ufe0f Evit\u00e1 ingresar al agua si no han pasado al menos 30 minutos, despu\u00e9s de haber ingerido alimentos ya que puede dificultar tu movilidad.<\/p>\n<!-- \/wp:paragraph -->\n\n<!-- wp:paragraph {\"style\":{\"elements\":{\"link\":{\"color\":{\"text\":\"var:preset|color|black\"}}}},\"textColor\":\"black\"} -->\n<p class=\"has-black-color has-text-color has-link-color\">\ud83c\udf0a Si sent\u00eds una corriente fuerte, sal\u00ed de inmediato.<\/p>\n<!-- \/wp:paragraph -->\n\n<!-- wp:paragraph {\"style\":{\"elements\":{\"link\":{\"color\":{\"text\":\"var:preset|color|black\"}}}},\"textColor\":\"black\"} -->\n<p class=\"has-black-color has-text-color has-link-color\">\ud83c\udf7b No ingres\u00e9s al agua si has consumido alcohol o drogas.<\/p>\n<!-- \/wp:paragraph -->\n\n<!-- wp:paragraph {\"style\":{\"elements\":{\"link\":{\"color\":{\"text\":\"var:preset|color|black\"}}}},\"textColor\":\"black\"} -->\n<p class=\"has-black-color has-text-color has-link-color\">\ud83c\udfca No te lanc\u00e9s sin conocer la profundidad ni nad\u00e9s solo en aguas abiertas.<\/p>\n<!-- \/wp:paragraph -->\n\n<!-- wp:heading {\"level\":4,\"style\":{\"elements\":{\"link\":{\"color\":{\"text\":\"var:preset|color|black\"}}}},\"textColor\":\"black\",\"fontSize\":\"medium\"} -->\n<h4 class=\"wp-block-heading has-black-color has-text-color has-link-color has-medium-font-size\"><strong>4. En caso de emergencia<\/strong><\/h4>\n<!-- \/wp:heading -->\n\n<!-- wp:paragraph {\"style\":{\"elements\":{\"link\":{\"color\":{\"text\":\"var:preset|color|black\"}}}},\"textColor\":\"black\"} -->\n<p class=\"has-black-color has-text-color has-link-color\">\ud83d\udcde Llam\u00e1 al 911 y da la ubicaci\u00f3n exacta.<\/p>\n<!-- \/wp:paragraph -->\n\n<!-- wp:paragraph {\"style\":{\"elements\":{\"link\":{\"color\":{\"text\":\"var:preset|color|black\"}}}},\"textColor\":\"black\"} -->\n<p class=\"has-black-color has-text-color has-link-color\">\ud83d\ude91 Ped\u00ed ayuda al guardavidas o personal de seguridad.<\/p>\n<!-- \/wp:paragraph -->\n\n<!-- wp:paragraph {\"style\":{\"elements\":{\"link\":{\"color\":{\"text\":\"var:preset|color|black\"}}}},\"textColor\":\"black\"} -->\n<p class=\"has-black-color has-text-color has-link-color\">\u274c No intent\u00e9s un rescate sin entrenamiento en salvamento acu\u00e1tico. En su lugar, busc\u00e1 ayuda profesional.<\/p>\n<!-- \/wp:paragraph -->\n\n<!-- wp:paragraph {\"style\":{\"elements\":{\"link\":{\"color\":{\"text\":\"var:preset|color|black\"}}}},\"textColor\":\"black\"} -->\n<p class=\"has-black-color has-text-color has-link-color\">Siguiendo estas recomendaciones, <strong>disfrutamos de los espejos de agua de Mendoza de manera segura.                                                                                                                               \u00a1Prevenir es la clave!<\/strong><\/p>\n<!-- \/wp:paragraph -->","_et_gb_content_width":"1080","footnotes":""},"class_list":["post-1020","page","type-page","status-publish","hentry"],"_links":{"self":[{"href":"https:\/\/sitios-nonprod.mendoza.gob.ar\/seguridadyjusticia\/wp-json\/wp\/v2\/pages\/1020","targetHints":{"allow":["GET"]}}],"collection":[{"href":"https:\/\/sitios-nonprod.mendoza.gob.ar\/seguridadyjusticia\/wp-json\/wp\/v2\/pages"}],"about":[{"href":"https:\/\/sitios-nonprod.mendoza.gob.ar\/seguridadyjusticia\/wp-json\/wp\/v2\/types\/page"}],"author":[{"embeddable":true,"href":"https:\/\/sitios-nonprod.mendoza.gob.ar\/seguridadyjusticia\/wp-json\/wp\/v2\/users\/26"}],"replies":[{"embeddable":true,"href":"https:\/\/sitios-nonprod.mendoza.gob.ar\/seguridadyjusticia\/wp-json\/wp\/v2\/comments?post=1020"}],"version-history":[{"count":7,"href":"https:\/\/sitios-nonprod.mendoza.gob.ar\/seguridadyjusticia\/wp-json\/wp\/v2\/pages\/1020\/revisions"}],"predecessor-version":[{"id":1829,"href":"https:\/\/sitios-nonprod.mendoza.gob.ar\/seguridadyjusticia\/wp-json\/wp\/v2\/pages\/1020\/revisions\/1829"}],"wp:attachment":[{"href":"https:\/\/sitios-nonprod.mendoza.gob.ar\/seguridadyjusticia\/wp-json\/wp\/v2\/media?parent=1020"}],"curies":[{"name":"wp","href":"https:\/\/api.w.org\/{rel}","templated":true}]}}