{"id":1027,"date":"2025-07-23T19:55:54","date_gmt":"2025-07-23T17:55:54","guid":{"rendered":"https:\/\/sitios-nonprod.mendoza.gob.ar\/seguridadyjusticia\/?page_id=1027"},"modified":"2025-08-13T19:18:55","modified_gmt":"2025-08-13T17:18:55","slug":"gas-licuado-envasado-y-en-red","status":"publish","type":"page","link":"https:\/\/sitios-nonprod.mendoza.gob.ar\/seguridadyjusticia\/gas-licuado-envasado-y-en-red\/","title":{"rendered":"Gas licuado envasado y en red"},"content":{"rendered":"[et_pb_section fb_built=\u00bb1&#8243; admin_label=\u00bbsection\u00bb _builder_version=\u00bb4.16&#8243; global_colors_info=\u00bb{}\u00bb][et_pb_row admin_label=\u00bbrow\u00bb _builder_version=\u00bb4.16&#8243; background_size=\u00bbinitial\u00bb background_position=\u00bbtop_left\u00bb background_repeat=\u00bbrepeat\u00bb global_colors_info=\u00bb{}\u00bb][et_pb_column type=\u00bb4_4&#8243; _builder_version=\u00bb4.16&#8243; custom_padding=\u00bb|||\u00bb global_colors_info=\u00bb{}\u00bb custom_padding__hover=\u00bb|||\u00bb][et_pb_post_title _builder_version=\u00bb4.27.4&#8243; _module_preset=\u00bbdefault\u00bb meta=\u00bboff\u00bb featured_image=\u00bboff\u00bb hover_enabled=\u00bb0&#8243; sticky_enabled=\u00bb0&#8243; locked=\u00bboff\u00bb][\/et_pb_post_title][et_pb_text admin_label=\u00bbText\u00bb _builder_version=\u00bb4.16&#8243; background_size=\u00bbinitial\u00bb background_position=\u00bbtop_left\u00bb background_repeat=\u00bbrepeat\u00bb global_colors_info=\u00bb{}\u00bb]\n<h4 class=\"wp-block-heading has-black-color has-text-color has-link-color has-medium-font-size wp-elements-4ee6bbf412fc93bfdd062482942c1711\">Uso seguro del gas licuado envasado y de red<\/h4>\n\n\n\n<p class=\"has-black-color has-text-color has-link-color wp-elements-491eb1d59e400ee7fb0e7863e864dcd5\">El gas licuado es una fuente de energ\u00eda segura y eficiente, si se utiliza correctamente. Desde Defensa Civil, brindamos las siguientes recomendaciones para su uso seguro en el hogar.<\/p>\n\n\n\n<h4 class=\"wp-block-heading has-black-color has-text-color has-link-color has-medium-font-size wp-elements-9802b40053b75b144b99d0094539e445\"><strong>1. Manten\u00e9 instalaciones y conexiones seguras<\/strong><\/h4>\n\n\n\n<p class=\"has-black-color has-text-color has-link-color wp-elements-4b44c6c0715b9fe743c718337ee7a844\">\u2705 Us\u00e1 siempre reguladores y ca\u00f1er\u00edas aprobadas<strong> <\/strong>por la normativa vigente.<\/p>\n\n\n\n<p class=\"has-black-color has-text-color has-link-color wp-elements-74300504f68d052f46f5247b8dc880f2\">\u2705 Para cualquier modificaci\u00f3n en su instalaci\u00f3n de gas, contrat\u00e1 a un gasista matriculado.<\/p>\n\n\n\n<p class=\"has-black-color has-text-color has-link-color wp-elements-0bad87ee3fd04418bbc9aa72d0ef02d1\">\u2705 Hac\u00e9 revisar anualmente las conexiones por un profesional matriculado.<\/p>\n\n\n\n<p class=\"has-black-color has-text-color has-link-color wp-elements-2bdd6eaca57a7fc1595c3aac15c12a17\">\ud83d\udeab No us\u00e9s mangueras de goma en instalaciones de gas de red o envasado. Estas mangueras no son lo suficientemente resistentes, lo que podr\u00eda provocar fugas, incendios o explosiones.<\/p>\n\n\n\n<h4 class=\"wp-block-heading has-black-color has-text-color has-link-color has-medium-font-size wp-elements-95fa6fca84eba88e18c064ea4faee1fa\"><strong>\u00bfQu\u00e9 hacer si tu instalaci\u00f3n a\u00fan tiene mangueras de goma?<\/strong><\/h4>\n\n\n\n<p class=\"has-black-color has-text-color has-link-color wp-elements-e2891924f0f38dffe501301eff13ecad\">Si tu instalaci\u00f3n a\u00fan utiliza mangueras de goma, tom\u00e1 precauciones hasta que pod\u00e1s reemplazarlas por una conexi\u00f3n reglamentaria:<\/p>\n\n\n\n<ul class=\"wp-block-list\">\n<li class=\"has-black-color has-text-color has-link-color wp-elements-14385ff705e48762b342f971e85f0cb7\">Asegurate de que la manguera sea exclusivamente para gas. Las mangueras para gas, generalmente de goma con mallado de tela, son resistentes y seguras, pero s\u00f3lo est\u00e1n aprobadas para instalaciones espec\u00edficas, como mecheros de laboratorio y no son adecuadas para conexiones domiciliarias. No utilic\u00e9s mangueras para agua u otras, ya que no soportar\u00e1n las condiciones del gas.<\/li>\n<\/ul>\n\n\n\n<ul class=\"wp-block-list has-black-color has-text-color has-link-color wp-elements-73ac180352856aacbd1870f9e3c75792\">\n<li>Verific\u00e1 que las abrazaderas met\u00e1licas est\u00e9n bien ajustadas en ambos extremos.<\/li>\n<\/ul>\n\n\n\n<ul class=\"wp-block-list has-black-color has-text-color has-link-color wp-elements-91376defcb7b904f8504f3c54128e372\">\n<li>No super\u00e9s la longitud de 1,5 metros. Mangueras m\u00e1s largas son m\u00e1s propensas a da\u00f1os.<\/li>\n<\/ul>\n\n\n\n<ul class=\"wp-block-list has-black-color has-text-color has-link-color wp-elements-2123ca65060ad849271cbe79ec0a26d1\">\n<li>Revis\u00e1 su estado regularmente y reemplazala cada 5 a\u00f1os o antes, si presenta grietas o endurecimiento.<\/li>\n<\/ul>\n\n\n\n<ul class=\"wp-block-list has-black-color has-text-color has-link-color wp-elements-5889cba77b43a3c2f7d20cf8b0e03f86\">\n<li class=\"has-black-color has-text-color has-link-color wp-elements-713ce4f7adb68a13fbd5cec7d4ab9923\">No las pint\u00e9s ni selle con materiales no aprobados como cintas adhesivas.<\/li>\n<\/ul>\n\n\n\n<p class=\"has-black-color has-text-color has-link-color wp-elements-cbd5c36f229273c15576f3d3b047d939\">\ud83d\udd34 <strong>Lo m\u00e1s seguro es reemplazar las mangueras de goma por una instalaci\u00f3n reglamentaria lo antes posible.<\/strong><\/p>\n\n\n\n<h4 class=\"wp-block-heading has-black-color has-text-color has-link-color has-medium-font-size wp-elements-212bbb826b03df6f625181d2b1e049b3\"><strong>2. Almacen\u00e1 y us\u00e1 garrafas correctamente<\/strong><\/h4>\n\n\n\n<p class=\"has-black-color has-text-color has-link-color wp-elements-0fd60e8d7d2a07227c47b4a70b54cc7d\">\u2705 Mantenelas en posici\u00f3n vertical y en lugares ventilados<strong>.<\/strong><\/p>\n\n\n\n<p class=\"has-black-color has-text-color has-link-color wp-elements-cd0160607e490ccd006e25c0a80adcfe\">\u2705 Alejalas de fuentes de calor o chispas.<\/p>\n\n\n\n<p class=\"has-black-color has-text-color has-link-color wp-elements-9078ef0ff782e53dee40da34a6880eaf\">\u2705 Cerr\u00e1 la v\u00e1lvula<strong> <\/strong>cuando no est\u00e9n en uso.<\/p>\n\n\n\n<p class=\"has-black-color has-text-color has-link-color wp-elements-6cae6500362db5ee5852182f3e843b97\">\ud83d\udeab No inclin\u00e9s, sacud\u00e1s ni calent\u00e9s las garrafas para aprovechar el gas restante<strong>.<\/strong> Esto puede provocar fugas o explosiones.<\/p>\n\n\n\n<h4 class=\"wp-block-heading has-black-color has-text-color has-link-color has-medium-font-size wp-elements-0adb6c0aa5c8061b51b8fc1a6d6babea\"><strong>3. En caso de emergencia<\/strong><\/h4>\n\n\n\n<ul class=\"wp-block-list\">\n<li class=\"has-black-color has-text-color has-link-color wp-elements-7d986d7bfea73976da641735a1c5ce9a\">Si percib\u00eds olor a gas, ventil\u00e1 inmediatamente el ambiente abriendo puertas y ventanas.<\/li>\n<\/ul>\n\n\n\n<ul class=\"wp-block-list\">\n<li class=\"has-black-color has-text-color has-link-color wp-elements-c0f1dfbdea51c3fa606d07eb9108c77f\">No accion\u00e9s interruptores el\u00e9ctricos, ni encend\u00e1s llamas.<\/li>\n<\/ul>\n\n\n\n<ul class=\"wp-block-list has-black-color has-text-color has-link-color wp-elements-86a5b7f97de699aa6a6fe3ac2897927f\">\n<li>Cierre la v\u00e1lvula del gas, si es seguro hacerlo.<\/li>\n<\/ul>\n\n\n\n<ul class=\"wp-block-list has-black-color has-text-color has-link-color wp-elements-6fd684258a25e1c1a608642ccfebf47a\">\n<li class=\"has-black-color has-text-color has-link-color wp-elements-8f2175918620125a737b8c4d241a49b6\">Evacu\u00e1 el lugar y llam\u00e1 a emergencias (911 o a su proveedor de gas).<\/li>\n<\/ul>\n\n\n\n<ul class=\"wp-block-list\">\n<li class=\"has-black-color has-text-color has-link-color wp-elements-de2366cb9cb5211204ca9ac6a1e84249\">No intent\u00e9s reparar la fuga vos mismo. S\u00f3lo un profesional autorizado puede hacerlo.<\/li>\n<\/ul>\n\n\n\n<p class=\"has-black-color has-text-color has-link-color wp-elements-be5cd76e7d22c1a94a1ae53980225d67\">Siguiendo estas recomendaciones, <strong>protegemos nuestra seguridad y la de quienes nos rodean.<\/strong><\/p>\n\n\n\n<p class=\"has-black-color has-text-color has-link-color wp-elements-15400560c739de6cf7afcfbb5f028ae7\">Para m\u00e1s informaci\u00f3n, consulte: <a href=\"https:\/\/www.ecogas.com.ar\/\">www.ecogas.com.ar<\/a><br><\/p>\n[\/et_pb_text][\/et_pb_column][\/et_pb_row][\/et_pb_section]","protected":false},"excerpt":{"rendered":"<p>Uso seguro del gas licuado envasado y de red El gas licuado es una fuente de energ\u00eda segura y eficiente, si se utiliza correctamente. Desde Defensa Civil, brindamos las siguientes recomendaciones para su uso seguro en el hogar. 1. Manten\u00e9 instalaciones y conexiones seguras \u2705 Us\u00e1 siempre reguladores y ca\u00f1er\u00edas aprobadas por la normativa vigente. [&hellip;]<\/p>\n","protected":false},"author":26,"featured_media":0,"parent":0,"menu_order":0,"comment_status":"closed","ping_status":"closed","template":"","meta":{"_et_pb_use_builder":"on","_et_pb_old_content":"<!-- wp:heading {\"level\":4,\"style\":{\"elements\":{\"link\":{\"color\":{\"text\":\"var:preset|color|black\"}}}},\"textColor\":\"black\",\"fontSize\":\"medium\"} -->\n<h4 class=\"wp-block-heading has-black-color has-text-color has-link-color has-medium-font-size\">Uso seguro del gas licuado envasado y de red<\/h4>\n<!-- \/wp:heading -->\n\n<!-- wp:paragraph {\"style\":{\"elements\":{\"link\":{\"color\":{\"text\":\"var:preset|color|black\"}}}},\"textColor\":\"black\"} -->\n<p class=\"has-black-color has-text-color has-link-color\">El gas licuado es una fuente de energ\u00eda segura y eficiente, si se utiliza correctamente. Desde Defensa Civil, brindamos las siguientes recomendaciones para su uso seguro en el hogar.<\/p>\n<!-- \/wp:paragraph -->\n\n<!-- wp:heading {\"level\":4,\"style\":{\"elements\":{\"link\":{\"color\":{\"text\":\"var:preset|color|black\"}}}},\"textColor\":\"black\",\"fontSize\":\"medium\"} -->\n<h4 class=\"wp-block-heading has-black-color has-text-color has-link-color has-medium-font-size\"><strong>1. Manten\u00e9 instalaciones y conexiones seguras<\/strong><\/h4>\n<!-- \/wp:heading -->\n\n<!-- wp:paragraph {\"style\":{\"elements\":{\"link\":{\"color\":{\"text\":\"var:preset|color|black\"}}}},\"textColor\":\"black\"} -->\n<p class=\"has-black-color has-text-color has-link-color\">\u2705 Us\u00e1 siempre reguladores y ca\u00f1er\u00edas aprobadas<strong> <\/strong>por la normativa vigente.<\/p>\n<!-- \/wp:paragraph -->\n\n<!-- wp:paragraph {\"style\":{\"elements\":{\"link\":{\"color\":{\"text\":\"var:preset|color|black\"}}}},\"textColor\":\"black\"} -->\n<p class=\"has-black-color has-text-color has-link-color\">\u2705 Para cualquier modificaci\u00f3n en su instalaci\u00f3n de gas, contrat\u00e1 a un gasista matriculado.<\/p>\n<!-- \/wp:paragraph -->\n\n<!-- wp:paragraph {\"style\":{\"elements\":{\"link\":{\"color\":{\"text\":\"var:preset|color|black\"}}}},\"textColor\":\"black\"} -->\n<p class=\"has-black-color has-text-color has-link-color\">\u2705 Hac\u00e9 revisar anualmente las conexiones por un profesional matriculado.<\/p>\n<!-- \/wp:paragraph -->\n\n<!-- wp:paragraph {\"style\":{\"elements\":{\"link\":{\"color\":{\"text\":\"var:preset|color|black\"}}}},\"textColor\":\"black\"} -->\n<p class=\"has-black-color has-text-color has-link-color\">\ud83d\udeab No us\u00e9s mangueras de goma en instalaciones de gas de red o envasado. Estas mangueras no son lo suficientemente resistentes, lo que podr\u00eda provocar fugas, incendios o explosiones.<\/p>\n<!-- \/wp:paragraph -->\n\n<!-- wp:heading {\"level\":4,\"style\":{\"elements\":{\"link\":{\"color\":{\"text\":\"var:preset|color|black\"}}}},\"textColor\":\"black\",\"fontSize\":\"medium\"} -->\n<h4 class=\"wp-block-heading has-black-color has-text-color has-link-color has-medium-font-size\"><strong>\u00bfQu\u00e9 hacer si tu instalaci\u00f3n a\u00fan tiene mangueras de goma?<\/strong><\/h4>\n<!-- \/wp:heading -->\n\n<!-- wp:paragraph {\"style\":{\"elements\":{\"link\":{\"color\":{\"text\":\"var:preset|color|black\"}}}},\"textColor\":\"black\"} -->\n<p class=\"has-black-color has-text-color has-link-color\">Si tu instalaci\u00f3n a\u00fan utiliza mangueras de goma, tom\u00e1 precauciones hasta que pod\u00e1s reemplazarlas por una conexi\u00f3n reglamentaria:<\/p>\n<!-- \/wp:paragraph -->\n\n<!-- wp:list -->\n<ul class=\"wp-block-list\"><!-- wp:list-item {\"style\":{\"elements\":{\"link\":{\"color\":{\"text\":\"var:preset|color|black\"}}}},\"textColor\":\"black\"} -->\n<li class=\"has-black-color has-text-color has-link-color\">Asegurate de que la manguera sea exclusivamente para gas. Las mangueras para gas, generalmente de goma con mallado de tela, son resistentes y seguras, pero s\u00f3lo est\u00e1n aprobadas para instalaciones espec\u00edficas, como mecheros de laboratorio y no son adecuadas para conexiones domiciliarias. No utilic\u00e9s mangueras para agua u otras, ya que no soportar\u00e1n las condiciones del gas.<\/li>\n<!-- \/wp:list-item --><\/ul>\n<!-- \/wp:list -->\n\n<!-- wp:list {\"style\":{\"elements\":{\"link\":{\"color\":{\"text\":\"var:preset|color|black\"}}}},\"textColor\":\"black\"} -->\n<ul class=\"wp-block-list has-black-color has-text-color has-link-color\"><!-- wp:list-item -->\n<li>Verific\u00e1 que las abrazaderas met\u00e1licas est\u00e9n bien ajustadas en ambos extremos.<\/li>\n<!-- \/wp:list-item --><\/ul>\n<!-- \/wp:list -->\n\n<!-- wp:list {\"style\":{\"elements\":{\"link\":{\"color\":{\"text\":\"var:preset|color|black\"}}}},\"textColor\":\"black\"} -->\n<ul class=\"wp-block-list has-black-color has-text-color has-link-color\"><!-- wp:list-item -->\n<li>No super\u00e9s la longitud de 1,5 metros. Mangueras m\u00e1s largas son m\u00e1s propensas a da\u00f1os.<\/li>\n<!-- \/wp:list-item --><\/ul>\n<!-- \/wp:list -->\n\n<!-- wp:list {\"style\":{\"elements\":{\"link\":{\"color\":{\"text\":\"var:preset|color|black\"}}}},\"textColor\":\"black\"} -->\n<ul class=\"wp-block-list has-black-color has-text-color has-link-color\"><!-- wp:list-item -->\n<li>Revis\u00e1 su estado regularmente y reemplazala cada 5 a\u00f1os o antes, si presenta grietas o endurecimiento.<\/li>\n<!-- \/wp:list-item --><\/ul>\n<!-- \/wp:list -->\n\n<!-- wp:list {\"style\":{\"elements\":{\"link\":{\"color\":{\"text\":\"var:preset|color|black\"}}}},\"textColor\":\"black\"} -->\n<ul class=\"wp-block-list has-black-color has-text-color has-link-color\"><!-- wp:list-item {\"style\":{\"elements\":{\"link\":{\"color\":{\"text\":\"var:preset|color|black\"}}}},\"textColor\":\"black\"} -->\n<li class=\"has-black-color has-text-color has-link-color\">No las pint\u00e9s ni selle con materiales no aprobados como cintas adhesivas.<\/li>\n<!-- \/wp:list-item --><\/ul>\n<!-- \/wp:list -->\n\n<!-- wp:paragraph {\"style\":{\"elements\":{\"link\":{\"color\":{\"text\":\"var:preset|color|black\"}}}},\"textColor\":\"black\"} -->\n<p class=\"has-black-color has-text-color has-link-color\">\ud83d\udd34 <strong>Lo m\u00e1s seguro es reemplazar las mangueras de goma por una instalaci\u00f3n reglamentaria lo antes posible.<\/strong><\/p>\n<!-- \/wp:paragraph -->\n\n<!-- wp:heading {\"level\":4,\"style\":{\"elements\":{\"link\":{\"color\":{\"text\":\"var:preset|color|black\"}}}},\"textColor\":\"black\",\"fontSize\":\"medium\"} -->\n<h4 class=\"wp-block-heading has-black-color has-text-color has-link-color has-medium-font-size\"><strong>2. Almacen\u00e1 y us\u00e1 garrafas correctamente<\/strong><\/h4>\n<!-- \/wp:heading -->\n\n<!-- wp:paragraph {\"style\":{\"elements\":{\"link\":{\"color\":{\"text\":\"var:preset|color|black\"}}}},\"textColor\":\"black\"} -->\n<p class=\"has-black-color has-text-color has-link-color\">\u2705 Mantenelas en posici\u00f3n vertical y en lugares ventilados<strong>.<\/strong><\/p>\n<!-- \/wp:paragraph -->\n\n<!-- wp:paragraph {\"style\":{\"elements\":{\"link\":{\"color\":{\"text\":\"var:preset|color|black\"}}}},\"textColor\":\"black\"} -->\n<p class=\"has-black-color has-text-color has-link-color\">\u2705 Alejalas de fuentes de calor o chispas.<\/p>\n<!-- \/wp:paragraph -->\n\n<!-- wp:paragraph {\"style\":{\"elements\":{\"link\":{\"color\":{\"text\":\"var:preset|color|black\"}}}},\"textColor\":\"black\"} -->\n<p class=\"has-black-color has-text-color has-link-color\">\u2705 Cerr\u00e1 la v\u00e1lvula<strong> <\/strong>cuando no est\u00e9n en uso.<\/p>\n<!-- \/wp:paragraph -->\n\n<!-- wp:paragraph {\"style\":{\"elements\":{\"link\":{\"color\":{\"text\":\"var:preset|color|black\"}}}},\"textColor\":\"black\"} -->\n<p class=\"has-black-color has-text-color has-link-color\">\ud83d\udeab No inclin\u00e9s, sacud\u00e1s ni calent\u00e9s las garrafas para aprovechar el gas restante<strong>.<\/strong> Esto puede provocar fugas o explosiones.<\/p>\n<!-- \/wp:paragraph -->\n\n<!-- wp:heading {\"level\":4,\"style\":{\"elements\":{\"link\":{\"color\":{\"text\":\"var:preset|color|black\"}}}},\"textColor\":\"black\",\"fontSize\":\"medium\"} -->\n<h4 class=\"wp-block-heading has-black-color has-text-color has-link-color has-medium-font-size\"><strong>3. En caso de emergencia<\/strong><\/h4>\n<!-- \/wp:heading -->\n\n<!-- wp:list -->\n<ul class=\"wp-block-list\"><!-- wp:list-item {\"style\":{\"elements\":{\"link\":{\"color\":{\"text\":\"var:preset|color|black\"}}}},\"textColor\":\"black\"} -->\n<li class=\"has-black-color has-text-color has-link-color\">Si percib\u00eds olor a gas, ventil\u00e1 inmediatamente el ambiente abriendo puertas y ventanas.<\/li>\n<!-- \/wp:list-item --><\/ul>\n<!-- \/wp:list -->\n\n<!-- wp:list -->\n<ul class=\"wp-block-list\"><!-- wp:list-item {\"style\":{\"elements\":{\"link\":{\"color\":{\"text\":\"var:preset|color|black\"}}}},\"textColor\":\"black\"} -->\n<li class=\"has-black-color has-text-color has-link-color\">No accion\u00e9s interruptores el\u00e9ctricos, ni encend\u00e1s llamas.<\/li>\n<!-- \/wp:list-item --><\/ul>\n<!-- \/wp:list -->\n\n<!-- wp:list {\"style\":{\"elements\":{\"link\":{\"color\":{\"text\":\"var:preset|color|black\"}}}},\"textColor\":\"black\"} -->\n<ul class=\"wp-block-list has-black-color has-text-color has-link-color\"><!-- wp:list-item -->\n<li>Cierre la v\u00e1lvula del gas, si es seguro hacerlo.<\/li>\n<!-- \/wp:list-item --><\/ul>\n<!-- \/wp:list -->\n\n<!-- wp:list {\"style\":{\"elements\":{\"link\":{\"color\":{\"text\":\"var:preset|color|black\"}}}},\"textColor\":\"black\"} -->\n<ul class=\"wp-block-list has-black-color has-text-color has-link-color\"><!-- wp:list-item {\"style\":{\"elements\":{\"link\":{\"color\":{\"text\":\"var:preset|color|black\"}}}},\"textColor\":\"black\"} -->\n<li class=\"has-black-color has-text-color has-link-color\">Evacu\u00e1 el lugar y llam\u00e1 a emergencias (911 o a su proveedor de gas).<\/li>\n<!-- \/wp:list-item --><\/ul>\n<!-- \/wp:list -->\n\n<!-- wp:list -->\n<ul class=\"wp-block-list\"><!-- wp:list-item {\"style\":{\"elements\":{\"link\":{\"color\":{\"text\":\"var:preset|color|black\"}}}},\"textColor\":\"black\"} -->\n<li class=\"has-black-color has-text-color has-link-color\">No intent\u00e9s reparar la fuga vos mismo. S\u00f3lo un profesional autorizado puede hacerlo.<\/li>\n<!-- \/wp:list-item --><\/ul>\n<!-- \/wp:list -->\n\n<!-- wp:paragraph {\"style\":{\"elements\":{\"link\":{\"color\":{\"text\":\"var:preset|color|black\"}}}},\"textColor\":\"black\"} -->\n<p class=\"has-black-color has-text-color has-link-color\">Siguiendo estas recomendaciones, <strong>protegemos nuestra seguridad y la de quienes nos rodean.<\/strong><\/p>\n<!-- \/wp:paragraph -->\n\n<!-- wp:paragraph {\"style\":{\"elements\":{\"link\":{\"color\":{\"text\":\"var:preset|color|black\"}}}},\"textColor\":\"black\"} -->\n<p class=\"has-black-color has-text-color has-link-color\">Para m\u00e1s informaci\u00f3n, consulte: <a href=\"https:\/\/www.ecogas.com.ar\/\">www.ecogas.com.ar<\/a><br><\/p>\n<!-- \/wp:paragraph -->","_et_gb_content_width":"1080","footnotes":""},"class_list":["post-1027","page","type-page","status-publish","hentry"],"_links":{"self":[{"href":"https:\/\/sitios-nonprod.mendoza.gob.ar\/seguridadyjusticia\/wp-json\/wp\/v2\/pages\/1027","targetHints":{"allow":["GET"]}}],"collection":[{"href":"https:\/\/sitios-nonprod.mendoza.gob.ar\/seguridadyjusticia\/wp-json\/wp\/v2\/pages"}],"about":[{"href":"https:\/\/sitios-nonprod.mendoza.gob.ar\/seguridadyjusticia\/wp-json\/wp\/v2\/types\/page"}],"author":[{"embeddable":true,"href":"https:\/\/sitios-nonprod.mendoza.gob.ar\/seguridadyjusticia\/wp-json\/wp\/v2\/users\/26"}],"replies":[{"embeddable":true,"href":"https:\/\/sitios-nonprod.mendoza.gob.ar\/seguridadyjusticia\/wp-json\/wp\/v2\/comments?post=1027"}],"version-history":[{"count":9,"href":"https:\/\/sitios-nonprod.mendoza.gob.ar\/seguridadyjusticia\/wp-json\/wp\/v2\/pages\/1027\/revisions"}],"predecessor-version":[{"id":1833,"href":"https:\/\/sitios-nonprod.mendoza.gob.ar\/seguridadyjusticia\/wp-json\/wp\/v2\/pages\/1027\/revisions\/1833"}],"wp:attachment":[{"href":"https:\/\/sitios-nonprod.mendoza.gob.ar\/seguridadyjusticia\/wp-json\/wp\/v2\/media?parent=1027"}],"curies":[{"name":"wp","href":"https:\/\/api.w.org\/{rel}","templated":true}]}}