{"id":417,"date":"2025-05-20T17:02:08","date_gmt":"2025-05-20T15:02:08","guid":{"rendered":"https:\/\/sitios-nonprod.mendoza.gob.ar\/seguridadyjusticia\/?page_id=417"},"modified":"2025-08-06T14:00:38","modified_gmt":"2025-08-06T12:00:38","slug":"diversion-nocturna","status":"publish","type":"page","link":"https:\/\/sitios-nonprod.mendoza.gob.ar\/seguridadyjusticia\/diversion-nocturna\/","title":{"rendered":"Diversi\u00f3n Nocturna"},"content":{"rendered":"[et_pb_section fb_built=\u00bb1&#8243; _builder_version=\u00bb4.16&#8243; custom_padding=\u00bb||66px|||\u00bb global_colors_info=\u00bb{}\u00bb][et_pb_row _builder_version=\u00bb4.16&#8243; background_size=\u00bbinitial\u00bb background_position=\u00bbtop_left\u00bb background_repeat=\u00bbrepeat\u00bb min_height=\u00bb136.5px\u00bb custom_margin=\u00bb-29px|auto||auto||\u00bb global_colors_info=\u00bb{}\u00bb][et_pb_column type=\u00bb4_4&#8243; _builder_version=\u00bb4.16&#8243; custom_padding=\u00bb|||\u00bb global_colors_info=\u00bb{}\u00bb custom_padding__hover=\u00bb|||\u00bb][et_pb_text _builder_version=\u00bb4.27.4&#8243; _module_preset=\u00bbdefault\u00bb text_font=\u00bb|800|||||||\u00bb text_text_color=\u00bb#000000&#8243; text_font_size=\u00bb40px\u00bb header_font_size=\u00bb52px\u00bb global_colors_info=\u00bb{}\u00bb]<p>Diversi\u00f3n Nocturna<\/p>[\/et_pb_text][et_pb_tabs _builder_version=\u00bb4.27.4&#8243; _module_preset=\u00bbdefault\u00bb custom_padding=\u00bb||0px|19px||\u00bb hover_enabled=\u00bb0&#8243; global_colors_info=\u00bb{}\u00bb sticky_enabled=\u00bb0&#8243;][et_pb_tab title=\u00bbRequisitos\u00bb _builder_version=\u00bb4.27.4&#8243; _module_preset=\u00bbdefault\u00bb global_colors_info=\u00bb{}\u00bb]<p><span style=\"color: #000000\"><strong>PARA CATEGORIZAR Y\/O AUTORIZAR LOCALES, SALONES O EVENTOS BAILABLES:<\/strong><\/span><\/p>\n<p><span style=\"color: #000000\"><!-- \/wp:post-content --> <!-- wp:paragraph --><\/span><\/p>\n<p><span style=\"color: #000000\">1) Nota dirigida a la Subdirecci\u00f3n de Control de Eventos y Locales de Esparcimiento, solicitando se CATEGORICE y AUTORICE el evento para funcionar, informando un n\u00famero de tel\u00e9fono de la persona responsable, conforme lo establece la Ley 8296 y el Decreto Reglamentario 1735\/17.<\/span><\/p>\n<p><span style=\"color: #000000\"><!-- \/wp:paragraph --> <!-- wp:paragraph --><\/span><\/p>\n<p><span style=\"color: #000000\">2) Habilitaci\u00f3n municipal especificando el rubro bailable correspondiente (en caso de locales bailables) o datos del evento (titular, lugar, fecha, hora, etc.).<\/span><\/p>\n<p><span style=\"color: #000000\"><!-- \/wp:paragraph --> <!-- wp:paragraph --><\/span><\/p>\n<p><span style=\"color: #000000\">3) Plan de Contingencia y Memoria T\u00e9cnica vigente, aprobado por la autoridad competente (CEMEPACI).<\/span><\/p>\n<p><!-- \/wp:paragraph --> <!-- wp:paragraph --><\/p>\n<p><span style=\"color: #000000\">4) Certificado CEMEPACI otorgado por Bomberos de la Provincia de Mendoza (vencimiento anual).<\/span><\/p>\n<p><span style=\"color: #000000\"><!-- \/wp:paragraph --> <!-- wp:paragraph --><\/span><\/p>\n<p><span style=\"color: #000000\">5) P\u00f3liza vigente y comprobante de pago seguro de responsabilidad civil.<\/span><\/p>\n<p><!-- \/wp:paragraph --> <!-- wp:paragraph --><\/p>\n<p><span style=\"color: #000000\">6) Contrato de servicio m\u00e9dico y comprobante de pago. Lugares alejados, preparar sala de primeros auxilios a cargo de un m\u00e9dico y\/o enfermero matriculado, que deber\u00e1n permanecer en el lugar con su correspondiente credencial habilitante durante el lapso del evento.<\/span><\/p>\n<p><span style=\"color: #000000\"><!-- \/wp:paragraph --> <!-- wp:paragraph --><\/span><\/p>\n<p><span style=\"color: #000000\">7) Contrato de alquiler del inmueble, escritura o estado de dominio del inmueble.<\/span><\/p>\n<p><!-- \/wp:paragraph --> <!-- wp:paragraph --><\/p>\n<p><span style=\"color: #000000\">8) Contrato social en caso de que el titular sea persona jur\u00eddica o fotocopia del documento de identidad en caso de ser una persona f\u00edsica. Constancia de AFIP en ambos casos.<\/span><\/p>\n<p><span style=\"color: #000000\"><!-- \/wp:paragraph --> <!-- wp:paragraph --><\/span><\/p>\n<p><span style=\"color: #000000\">9) Certificado de inscripci\u00f3n emitido por REPAR-REPRIV para empresas o encargados de seguridad.<\/span><\/p>\n<p><span style=\"color: #000000\"><!-- \/wp:paragraph --> <!-- wp:paragraph --><\/span><\/p>\n<p><span style=\"color: #000000\">10) Libro de actas foliado y autorizado por la Subdirecci\u00f3n de Control de Eventos y Locales de Esparcimiento, con la finalidad de asentar las inspecciones que se realicen en el local, as\u00ed como tambi\u00e9n las quejas, reclamos y sugerencias de clientes.<\/span><\/p>\n<p><span style=\"color: #000000\"><!-- \/wp:paragraph --> <!-- wp:paragraph --><\/span><\/p>\n<p><span style=\"color: #000000\">11) Instalar o poseer un detector de metales en la puerta del establecimiento.<\/span><\/p>\n<p><!-- \/wp:paragraph --> <!-- wp:paragraph --><\/p>\n<p><span style=\"color: #000000\">12) Contar con un alcohol\u00edmetro en el ingreso.<\/span><\/p>\n<p><span style=\"color: #000000\"><!-- \/wp:paragraph --> <!-- wp:paragraph --><\/span><\/p>\n<p><span style=\"color: #000000\">13) Contar con personal de ambos sexos asignado al cuidado y control de los ba\u00f1os del establecimiento en forma permanente.<\/span><\/p>\n<p><span style=\"color: #000000\"><!-- \/wp:paragraph --> <!-- wp:paragraph --><\/span><\/p>\n<p><span style=\"color: #000000\">14) Contar con un circuito cerrado de televisi\u00f3n que como m\u00ednimo, cubra la totalidad de las zonas de ingreso, entendi\u00e9ndose por tales la v\u00eda p\u00fablica frente al local y los espacios de taquillas o recepci\u00f3n de p\u00fablico dentro del local.<\/span><\/p>\n<p><!-- \/wp:paragraph --> <!-- wp:paragraph --><\/p>\n<p><span style=\"color: #000000\">15) Disponer en cada ingreso habilitado del local un cartel en donde conste:<\/span><\/p>\n<p><span style=\"color: #000000\"><!-- \/wp:paragraph --> <!-- wp:paragraph --><\/span><\/p>\n<p><span style=\"color: #000000\">\u00a0\u00a0\u00a0 1.\u00a0\u00a0 Nombre de Fantas\u00eda, Raz\u00f3n Social o Nombre del Propietario.<\/span><\/p>\n<p><span style=\"color: #000000\"><!-- \/wp:paragraph --> <!-- wp:paragraph --><\/span><\/p>\n<p><span style=\"color: #000000\">\u00a0\u00a0\u00a0 2.\u00a0\u00a0 Nombre y apellido del encargado del local o evento.<\/span><\/p>\n<p><span style=\"color: #000000\"><!-- \/wp:paragraph --> <!-- wp:paragraph --><\/span><\/p>\n<p><span style=\"color: #000000\">\u00a0\u00a0\u00a0 3.\u00a0 Nombre y apellido del jefe o encargado de seguridad.<\/span><\/p>\n<p><!-- \/wp:paragraph --> <!-- wp:paragraph --><\/p>\n<p>\u00a0\u00a0\u00a0<span style=\"color: #000000\"> 4.\u00a0 Permiso y\/o autorizaci\u00f3n donde debe constar la categorizaci\u00f3n.<\/span><\/p>\n<p><span style=\"color: #000000\"><!-- \/wp:paragraph --> <!-- wp:paragraph --><\/span><\/p>\n<p><span style=\"color: #000000\">\u00a0\u00a0\u00a0 5.\u00a0 Factor Ocupacional fijado por Autoridad Competente.<\/span><\/p>\n<p><span style=\"color: #000000\"><!-- \/wp:paragraph --> <!-- wp:paragraph --><\/span><\/p>\n<p><span style=\"color: #000000\">\u00a0\u00a0\u00a0 6.\u00a0 Cantidad de ba\u00f1os para hombres y mujeres.<\/span><\/p>\n<p><span style=\"color: #000000\"><!-- \/wp:paragraph --> <!-- wp:paragraph --><\/span><\/p>\n<p><span style=\"color: #000000\">\u00a0\u00a0\u00a0 7.\u00a0 Compa\u00f1\u00eda de seguro contratada.<\/span><\/p>\n<p><!-- \/wp:paragraph --> <!-- wp:paragraph --><\/p>\n<p>\u00a0\u00a0\u00a0 <span style=\"color: #000000\">8.\u00a0 Emergencia m\u00e9dica contratada con el correspondiente tel\u00e9fono.<\/span><\/p>\n<p><span style=\"color: #000000\"><!-- \/wp:paragraph --> <!-- wp:paragraph --><\/span><\/p>\n<p><span style=\"color: #000000\">\u00a0\u00a0\u00a0 9.\u00a0 N\u00famero de tel\u00e9fono para denuncias ante la Subdirecci\u00f3n de Control de Eventos y Locales de Esparcimiento.<\/span><\/p>\n<p><span style=\"color: #000000\"><!-- \/wp:paragraph --> <!-- wp:paragraph --><\/span><\/p>\n<p><span style=\"color: #000000\">\u00a0\u00a0 10.\u00a0\u00a0 Exhibici\u00f3n en el ingreso del local de las condiciones de admisi\u00f3n del p\u00fablico requeridas por el titular del comercio.<\/span><\/p>\n<p><span style=\"color: #000000\"><!-- \/wp:paragraph --> <!-- wp:paragraph --><\/span><\/p>\n<p><span style=\"color: #000000\">16) Contar con un sector de hidrataci\u00f3n gratuito.<\/span><\/p>\n<p><span style=\"color: #000000\"><!-- \/wp:paragraph --> <!-- wp:paragraph --><\/span><\/p>\n<p><span style=\"color: #000000\">17) El pago de aforo correspondiente dependiendo de si se trata de un local bailable o un evento por el d\u00eda.<\/span><\/p>\n<p><span style=\"color: #000000\"><!-- \/wp:paragraph --> <!-- wp:paragraph --><\/span><\/p>\n<p><span style=\"color: #000000\"><strong>LOS CERTIFICADOS DE CATEGORIZACI\u00d3N Y\/O AUTORIZACI\u00d3N SE EXTENDER\u00c1N CUANDO TODA LA DOCUMENTACI\u00d3N SE ENCUENTRE PRESENTADA Y ACTUALIZADA 48 HORAS ANTES DEL EVENTO O APERTURA.<\/strong><\/span><\/p>\n<p><span style=\"color: #000000\"><!-- \/wp:paragraph --> <!-- wp:paragraph --><\/span><\/p>\n<p><span style=\"color: #000000\"><strong>&#8211; La totalidad de la documentaci\u00f3n requerida deber\u00e1 ser enviada al correo de<\/strong> <strong> <a rel=\"noreferrer noopener\" href=\"mailto:diversionnocturnamendoza@gmail.com\" target=\"_blank\" style=\"color: #000000\">diversionnocturnamendoza@gmail.com<\/a> en formato PDF, respetando cada \u00edtem.\u00a0<\/strong><\/span><\/p>\n<p><span style=\"color: #000000\"><strong><\/strong><\/span><\/p>[\/et_pb_tab][et_pb_tab title=\u00bbNormativa\u00bb _builder_version=\u00bb4.27.4&#8243; _module_preset=\u00bbdefault\u00bb global_colors_info=\u00bb{}\u00bb]<p><span>&#8211; <\/span><a href=\"https:\/\/www.mendoza.gov.ar\/wp-content\/uploads\/sites\/26\/2023\/09\/Ley-N-8296.pdf\">Ley 8296<\/a><span>.<\/span><br data-rich-text-line-break=\"true\" \/><span>&#8211; <\/span><a href=\"https:\/\/www.mendoza.gov.ar\/wp-content\/uploads\/sites\/26\/2023\/09\/Ley-N-8985.pdf\">Ley 8985<\/a><span>.<\/span><br data-rich-text-line-break=\"true\" \/><span>&#8211; <\/span><a href=\"https:\/\/www.mendoza.gov.ar\/wp-content\/uploads\/sites\/26\/2023\/09\/Decreto-Reglamentario-1735-17.pdf\">Decreto Reglamentario 1735\/17<\/a><\/p>[\/et_pb_tab][et_pb_tab title=\u00bbTipo de Eventos\u00bb _builder_version=\u00bb4.27.4&#8243; _module_preset=\u00bbdefault\u00bb global_colors_info=\u00bb{}\u00bb]<p><span style=\"color: #000000\"><strong><\/strong><\/span><\/p>\n<p><span style=\"color: #000000\"><strong>&#8211; PARA MAYORES<\/strong><\/span><\/p>\n<p><span style=\"color: #000000\">Prohibido el ingreso de menores de 18 a\u00f1os.<\/span><br \/><span style=\"color: #000000\">Horarios m\u00e1ximos:<\/span><br \/><span style=\"color: #000000\">. Apertura: 23 h.<\/span><br \/><span style=\"color: #000000\">. Corte de taquilla e ingreso: 2.30 h.<\/span><br \/><span style=\"color: #000000\">. Venta y\/o expendio de bebidas alcoh\u00f3licas: 4.30 h.<\/span><br \/><span style=\"color: #000000\">. Cierre y cese: 6.30 hs.<\/span><\/p>\n<p><!-- \/wp:paragraph --> <!-- wp:paragraph --><\/p>\n<p><span style=\"color: #000000\"><strong>&#8211; PARA MENORES<\/strong><\/span><\/p>\n<p><span style=\"color: #000000\">Prohibido el ingreso, venta, expendio y consumo de bebidas alcoh\u00f3licas.<\/span><br \/><span style=\"color: #000000\">Prohibido el ingreso de mayores de 18 a\u00f1os.<\/span><br \/><span style=\"color: #000000\">* MATIN\u00c9E: ingresan a partir de 12 hasta 15 a\u00f1os.<\/span><br \/><span style=\"color: #000000\">Horarios m\u00e1ximos:<\/span><br \/><span style=\"color: #000000\">. Ingreso: 20 h.<\/span><br \/><span style=\"color: #000000\">. Cierre y cese: 00 h.<\/span><br \/><span style=\"color: #000000\">* M-17: ingresan a partir de los 16 hasta los 17 a\u00f1os.<\/span><br \/><span style=\"color: #000000\">Horarios m\u00e1ximos:<\/span><br \/><span style=\"color: #000000\">. Ingreso: 00 h.<\/span><br \/><span style=\"color: #000000\">. Cierre y cese: 5 h.<\/span><\/p>\n<p><!-- \/wp:paragraph --> <!-- wp:paragraph --><\/p>\n<p><span style=\"color: #000000\"><strong>&#8211; ESPECIALES DEL 25 DE DICIEMBRE Y 1 DE ENERO<\/strong><\/span><\/p>\n<p><span style=\"color: #000000\">Prohibido el ingreso de menores de 18 a\u00f1os.<\/span><br \/><span style=\"color: #000000\">Horarios m\u00e1ximos especiales:<\/span><br \/><span style=\"color: #000000\">. Apertura: 1 h.<\/span><br \/><span style=\"color: #000000\">. Corte de taquilla e ingreso: 3.30 h.<\/span><br \/><span style=\"color: #000000\">. Venta y\/o expendio de bebidas alcoh\u00f3licas: 5.30 h.<\/span><br \/><span style=\"color: #000000\">. Cierre y cese: 7.30 h.<\/span><\/p>\n<p><span style=\"color: #000000\"><!-- \/wp:paragraph --> <!-- wp:paragraph --><\/span><\/p>\n<p><span style=\"color: #000000\"><strong>&#8211; FESTEJOS DE FIN DE CURSO O EGRESADOS:<\/strong><\/span><\/p>\n<p><span style=\"color: #000000\">Prohibida la venta de alcohol para menores de 18 a\u00f1os.<\/span><br \/><span style=\"color: #000000\">Horarios m\u00e1ximos:<\/span><br \/><span style=\"color: #000000\">. Apertura: 22.30 h.<\/span><br \/><span style=\"color: #000000\">. Ingreso: 00.30 h.<\/span><br \/><span style=\"color: #000000\">. Venta y\/o expendio de bebidas alcoh\u00f3licas: 2.30 h.<\/span><br \/><span style=\"color: #000000\">. Cierre y cese: 4.30 h.<\/span><!-- \/wp:paragraph --><\/p>[\/et_pb_tab][et_pb_tab title=\u00bbContacto\u00bb _builder_version=\u00bb4.27.4&#8243; _module_preset=\u00bbdefault\u00bb global_colors_info=\u00bb{}\u00bb]<p><strong style=\"color: #000000;font-size: 14px\">Ubicaci\u00f3n<\/strong><\/p>\n<p><span style=\"color: #000000\">Edificio Cuba, Los Robles S\/N\u00b0, Parque Gral. San Mart\u00edn, Ciudad de <\/span><span style=\"color: #000000\">Mendoza.<\/span><\/p>\n<p><strong style=\"color: #000000;font-size: 14px\">Tel\u00e9fono<\/strong><\/p>\n<p><span style=\"color: #000000\">0800-222-0900 (denuncias) &#8211; 4251820 (guardia)<\/span><\/p>\n<p><strong style=\"color: #000000;font-size: 14px\">Correos<\/strong><\/p>\n<p><a rel=\"noreferrer noopener\" href=\"mailto:diversionnocturnamendoza@gmail.com\" target=\"_blank\">diversionnocturnamendoza@gmail.com<\/a><br \/><a rel=\"noreferrer noopener\" href=\"mailto:diversionnocturna@mendoza.gov.ar\" target=\"_blank\">diversionnocturna@mendoza.gov.ar<\/a><!-- \/wp:paragraph --><\/p>[\/et_pb_tab][\/et_pb_tabs][\/et_pb_column][\/et_pb_row][\/et_pb_section]","protected":false},"excerpt":{"rendered":"<p>Diversi\u00f3n NocturnaPARA CATEGORIZAR Y\/O AUTORIZAR LOCALES, SALONES O EVENTOS BAILABLES: 1) Nota dirigida a la Subdirecci\u00f3n de Control de Eventos y Locales de Esparcimiento, solicitando se CATEGORICE y AUTORICE el evento para funcionar, informando un n\u00famero de tel\u00e9fono de la persona responsable, conforme lo establece la Ley 8296 y el Decreto Reglamentario 1735\/17. 2) Habilitaci\u00f3n [&hellip;]<\/p>\n","protected":false},"author":26,"featured_media":0,"parent":0,"menu_order":0,"comment_status":"closed","ping_status":"closed","template":"","meta":{"_et_pb_use_builder":"on","_et_pb_old_content":"<!-- wp:paragraph {\"fontSize\":\"large\"} -->\n<p class=\"has-large-font-size\"><\/p>\n<!-- \/wp:paragraph -->","_et_gb_content_width":"","footnotes":""},"class_list":["post-417","page","type-page","status-publish","hentry"],"_links":{"self":[{"href":"https:\/\/sitios-nonprod.mendoza.gob.ar\/seguridadyjusticia\/wp-json\/wp\/v2\/pages\/417","targetHints":{"allow":["GET"]}}],"collection":[{"href":"https:\/\/sitios-nonprod.mendoza.gob.ar\/seguridadyjusticia\/wp-json\/wp\/v2\/pages"}],"about":[{"href":"https:\/\/sitios-nonprod.mendoza.gob.ar\/seguridadyjusticia\/wp-json\/wp\/v2\/types\/page"}],"author":[{"embeddable":true,"href":"https:\/\/sitios-nonprod.mendoza.gob.ar\/seguridadyjusticia\/wp-json\/wp\/v2\/users\/26"}],"replies":[{"embeddable":true,"href":"https:\/\/sitios-nonprod.mendoza.gob.ar\/seguridadyjusticia\/wp-json\/wp\/v2\/comments?post=417"}],"version-history":[{"count":17,"href":"https:\/\/sitios-nonprod.mendoza.gob.ar\/seguridadyjusticia\/wp-json\/wp\/v2\/pages\/417\/revisions"}],"predecessor-version":[{"id":1696,"href":"https:\/\/sitios-nonprod.mendoza.gob.ar\/seguridadyjusticia\/wp-json\/wp\/v2\/pages\/417\/revisions\/1696"}],"wp:attachment":[{"href":"https:\/\/sitios-nonprod.mendoza.gob.ar\/seguridadyjusticia\/wp-json\/wp\/v2\/media?parent=417"}],"curies":[{"name":"wp","href":"https:\/\/api.w.org\/{rel}","templated":true}]}}