{"id":677,"date":"2025-07-02T19:01:31","date_gmt":"2025-07-02T17:01:31","guid":{"rendered":"https:\/\/sitios-nonprod.mendoza.gob.ar\/seguridadyjusticia\/?page_id=677"},"modified":"2025-08-13T18:17:16","modified_gmt":"2025-08-13T16:17:16","slug":"atencion-ciudadana","status":"publish","type":"page","link":"https:\/\/sitios-nonprod.mendoza.gob.ar\/seguridadyjusticia\/atencion-ciudadana\/","title":{"rendered":"Atenci\u00f3n Ciudadana"},"content":{"rendered":"<p>[et_pb_section fb_built=\u00bb1&#8243; _builder_version=\u00bb4.27.4&#8243; _module_preset=\u00bbdefault\u00bb background_color=\u00bb#f2f2f2&#8243; custom_margin=\u00bb||||false|false\u00bb custom_padding=\u00bb1rem||1rem||false|false\u00bb hover_enabled=\u00bb0&#8243; border_color_bottom=\u00bb#c8a977&#8243; global_colors_info=\u00bb{}\u00bb sticky_enabled=\u00bb0&#8243;][et_pb_row _builder_version=\u00bb4.27.4&#8243; _module_preset=\u00bbdefault\u00bb custom_margin=\u00bb1rem||||false|false\u00bb custom_padding=\u00bb1rem||1rem||false|false\u00bb locked=\u00bboff\u00bb global_colors_info=\u00bb{}\u00bb][et_pb_column type=\u00bb4_4&#8243; _builder_version=\u00bb4.27.4&#8243; _module_preset=\u00bbdefault\u00bb global_colors_info=\u00bb{}\u00bb][et_pb_post_title meta=\u00bboff\u00bb featured_image=\u00bboff\u00bb _builder_version=\u00bb4.27.4&#8243; _module_preset=\u00bbdefault\u00bb title_font=\u00bb|700|||||||\u00bb title_text_align=\u00bbcenter\u00bb title_text_color=\u00bb#000000&#8243; title_font_size=\u00bb30px\u00bb background_color=\u00bb#FFFFFF\u00bb module_alignment=\u00bbcenter\u00bb custom_margin=\u00bb0px||0px||false|false\u00bb custom_padding=\u00bb1em||1em||false|false\u00bb title_font_size_tablet=\u00bb30px\u00bb title_font_size_phone=\u00bb26px\u00bb title_font_size_last_edited=\u00bbon|phone\u00bb border_radii=\u00bbon|15px|15px|15px|15px\u00bb box_shadow_style=\u00bbpreset1&#8243; global_colors_info=\u00bb{}\u00bb][\/et_pb_post_title][\/et_pb_column][\/et_pb_row][et_pb_row _builder_version=\u00bb4.27.4&#8243; _module_preset=\u00bbdefault\u00bb global_colors_info=\u00bb{}\u00bb][et_pb_column type=\u00bb4_4&#8243; _builder_version=\u00bb4.27.4&#8243; _module_preset=\u00bbdefault\u00bb global_colors_info=\u00bb{}\u00bb][et_pb_code _builder_version=\u00bb4.27.4&#8243; _module_preset=\u00bbdefault\u00bb width=\u00bb100%\u00bb max_width=\u00bb100%\u00bb custom_css_free_form=\u00bb.custom-search-form {||    text-align: center;||    margin: 20px auto;||    max-width: 80%;||    border: 1px solid #ccc;||    padding: 20px 4px;||    border-radius: 50px;||    font-size: 20px;||    box-shadow: 0 4px 8px rgba(0, 0, 0, 0.1);||    background: white;||    display: flex;||    flex-wrap: wrap;||    justify-content: center;||    gap: 10px;||}||||.custom-search-input {||    padding: 10px;||    width: 70%;||    border: none !important;||    background: transparent;||    border-radius: 50px;||    font-size: 20px;||}||||.custom-search-button {||    padding: 15px 20px 15px  20px;||    border: none;||    border-radius: 40px;||    background: rgb(223, 172, 107);||    color: white;||    font-size: 15px;||    cursor: pointer;||  \twidth:100px;||}||.custom-search-button img{||  display:none;||}||||||\/* Estilos responsive para m\u00f3viles *\/||@media screen and (max-width: 768px) {||    .custom-search-input {||        width: 70%;||        font-size: 18px;||    }||  .custom-search-input::placeholder {||    font-size: 12px;||}||||    .custom-search-button {||        width: 20%;||        padding: 15px;||        font-size: 16px;||    }||  .custom-search-button img{||    width:20px;||    display:flex||  }|| .custom-search-button p{||    display: none;||  }||    .custom-search-form {||        padding: 10px;||        font-size: 18px;||    }||}||\u00bb global_colors_info=\u00bb{}\u00bb]\n    <form method=\"get\" action=\"https:\/\/atencionciudadana-nonprod.mendoza.gob.ar\/\" class=\"custom-search-form\">\n        <input type=\"text\" name=\"s\" placeholder=\"\u00bfQu\u00e9 tr\u00e1mite necesit\u00e1s?\" class=\"custom-search-input\" value=\"\" required>\n        <button type=\"submit\" class=\"custom-search-button\"><p>Buscar<\/p><image src=\"http:\/\/atencionciudadana-nonprod.mendoza.gob.ar\/wp-content\/uploads\/2025\/06\/Diseno_sin_titulo__1_-removebg-preview.png\" alt=\"buscar\"\/><\/button>\n    <\/form>\n\n\n    [\/et_pb_code][\/et_pb_column][\/et_pb_row][et_pb_row column_structure=\u00bb1_3,1_3,1_3&#8243; use_custom_gutter=\u00bbon\u00bb gutter_width=\u00bb2&#8243; make_equal=\u00bbon\u00bb _builder_version=\u00bb4.27.4&#8243; _module_preset=\u00bbdefault\u00bb custom_margin=\u00bb0px||0px||false|false\u00bb custom_padding=\u00bb1rem||1rem||true|false\u00bb locked=\u00bboff\u00bb global_colors_info=\u00bb{}\u00bb][et_pb_column type=\u00bb1_3&#8243; _builder_version=\u00bb4.27.4&#8243; _module_preset=\u00bbdefault\u00bb custom_padding=\u00bb1em||||false|false\u00bb global_colors_info=\u00bb{}\u00bb][et_pb_text module_id=\u00bbcultura\u00bb _builder_version=\u00bb4.27.4&#8243; _module_preset=\u00bbdefault\u00bb text_font=\u00bb|600|||||||\u00bb text_text_color=\u00bb#FFFFFF\u00bb text_font_size=\u00bb20px\u00bb background_color=\u00bb#3CB4E5&#8243; custom_margin=\u00bb0px||0px||true|false\u00bb custom_padding=\u00bb1rem||1rem||true|false\u00bb border_radii=\u00bboff|15px|15px||\u00bb global_colors_info=\u00bb{}\u00bb]<\/p>\n<p style=\"text-align: center\">Tr\u00e1mites viales<\/p>\n<p>[\/et_pb_text][et_pb_toggle title=\u00bbVer tr\u00e1mites\u00bb _builder_version=\u00bb4.27.4&#8243; _module_preset=\u00bbdefault\u00bb locked=\u00bboff\u00bb global_colors_info=\u00bb{}\u00bb]<\/p>\n<ul>\n<li><a href=\"https:\/\/atencionciudadana-nonprod.mendoza.gob.ar\/acompanamiento-de-carreton\/\">Acompa\u00f1amiento de Carret\u00f3n<\/a><\/li>\n<li><a href=\"https:\/\/atencionciudadana-nonprod.mendoza.gob.ar\/autorizacion-para-descarga-de-hormigon\/\">Autorizaci\u00f3n para descarga de hormig\u00f3n<\/a><\/li>\n<li><a href=\"https:\/\/atencionciudadana-nonprod.mendoza.gob.ar\/carga-del-pago-de-actas-en-el-sistema\/\">Carga del Pago de Actas en el Sistema<\/a><\/li>\n<li><a href=\"https:\/\/atencionciudadana-nonprod.mendoza.gob.ar\/certificado-de-antiguedad-de-licencia-de-conducir-para-ser-presentado-en-anses\/\">Certificado de Antig\u00fcedad de Licencia de Conducir para ser presentado en ANSES<\/a><\/li>\n<li><a href=\"https:\/\/atencionciudadana-nonprod.mendoza.gob.ar\/certificado-de-antiguedad-para-presentar-en-otras-provincias-y-o-paises\/\">Certificado de Antig\u00fcedad para presentar en otras provincias y\/o pa\u00edses<\/a><\/li>\n<li><a href=\"https:\/\/atencionciudadana-nonprod.mendoza.gob.ar\/certificado-de-legalidad-de-la-licencia-de-conducir-otorgada-por-la-policia-de-mendoza\/\">Certificado de Legalidad de la Licencia de Conducir otorgada por la Polic\u00eda de Mendoza<\/a><\/li>\n<li><a href=\"https:\/\/atencionciudadana-nonprod.mendoza.gob.ar\/consulta-de-antecedentes-viales\/\">Consulta de Antecedentes viales<\/a><\/li>\n<li><a href=\"https:\/\/atencionciudadana-nonprod.mendoza.gob.ar\/descargos-con-retencion-del-vehiculos\/\">Descargos con Retenci\u00f3n del Veh\u00edculos<\/a><\/li>\n<li><a href=\"https:\/\/atencionciudadana-nonprod.mendoza.gob.ar\/descargos-simples-con-o-sin-retencion-de-la-licencia-de-conducir\/\">Descargos Simples con o sin Retenci\u00f3n de la Licencia de Conducir<\/a><\/li>\n<li><a href=\"https:\/\/atencionciudadana-nonprod.mendoza.gob.ar\/devolucion-de-multas-pagadas-dos-veces\/\">Devoluci\u00f3n de Multas pagadas dos veces<\/a><\/li>\n<li><a href=\"https:\/\/atencionciudadana-nonprod.mendoza.gob.ar\/emision-de-boletos-de-pago-de-actas\/\">Emisi\u00f3n de Boletos de Pago de Actas<\/a><\/li>\n<li><a href=\"https:\/\/atencionciudadana-nonprod.mendoza.gob.ar\/emision-de-boletos-de-pago-de-actas-en-apremio\/\">Emisi\u00f3n de Boletos de Pago de Actas en Apremio<\/a><\/li>\n<li><a href=\"https:\/\/atencionciudadana-nonprod.mendoza.gob.ar\/enajenacion-de-multa-vial\/\">Enajenaci\u00f3n de multa vial<\/a><\/li>\n<li><a href=\"https:\/\/atencionciudadana-nonprod.mendoza.gob.ar\/entrega-de-vehiculos-retenidos-por-infraccion-a-la-ley-9024-17\/\">Entrega de Veh\u00edculos Retenidos por Infracci\u00f3n a la Ley 9024\/17<\/a><\/li>\n<li><a href=\"https:\/\/atencionciudadana-nonprod.mendoza.gob.ar\/entrega-de-vehiculos-retenidos-por-pedido-del-registro-del-automotor\/\">Entrega de Veh\u00edculos Retenidos por Pedido del Registro del Automotor<\/a><\/li>\n<li><a href=\"https:\/\/atencionciudadana-nonprod.mendoza.gob.ar\/entrega-de-vehiculos-retenidos-por-via-judicial\/\">Entrega de veh\u00edculos retenidos por v\u00eda judicial<\/a><\/li>\n<li><a href=\"https:\/\/atencionciudadana-nonprod.mendoza.gob.ar\/obleas-de-estacionamiento-para-personas-con-discapacidad\/\">Obleas de Estacionamiento para personas con discapacidad<\/a><\/li>\n<li><a href=\"https:\/\/atencionciudadana-nonprod.mendoza.gob.ar\/prescripcion-de-multas\/\">Prescripci\u00f3n de Multas<\/a><\/li>\n<li><a href=\"https:\/\/atencionciudadana-nonprod.mendoza.gob.ar\/solicitud-de-plan-de-pago-de-multas-de-transito\/\">Solicitud de Plan de Pago de multas de tr\u00e1nsito<\/a><\/li>\n<li>\n<p><a href=\"https:\/\/atencionciudadana-nonprod.mendoza.gob.ar\/libre-deuda-de-multas-viales-personas\/\">Libre Deuda de multas viales (Personas)<\/a><\/p>\n<\/li>\n<li>\n<p><a href=\"https:\/\/atencionciudadana-nonprod.mendoza.gob.ar\/libre-deuda-de-multas-viales-vehiculos\/\">Libre Deuda de multas viales (Veh\u00edculos)<\/a><\/p>\n<\/li>\n<li>\n<p><a href=\"https:\/\/atencionciudadana-nonprod.mendoza.gob.ar\/pedido-de-secuestro-de-vehiculo\/\">Pedido de Secuestro de Veh\u00edculo<\/a><\/p>\n<\/li>\n<\/ul>\n<p>[\/et_pb_toggle][\/et_pb_column][et_pb_column type=\u00bb1_3&#8243; _builder_version=\u00bb4.27.4&#8243; _module_preset=\u00bbdefault\u00bb custom_padding=\u00bb1em||||false|false\u00bb global_colors_info=\u00bb{}\u00bb][et_pb_text module_id=\u00bbcultura\u00bb _builder_version=\u00bb4.27.4&#8243; _module_preset=\u00bbdefault\u00bb text_font=\u00bb|600|||||||\u00bb text_text_color=\u00bb#FFFFFF\u00bb text_font_size=\u00bb20px\u00bb background_color=\u00bb#3CB4E5&#8243; custom_margin=\u00bb0px||0px||true|false\u00bb custom_padding=\u00bb1rem||1rem||true|false\u00bb border_radii=\u00bboff|15px|15px||\u00bb global_colors_info=\u00bb{}\u00bb]<\/p>\n<p style=\"text-align: center\">Vigilancia privada<\/p>\n<p>[\/et_pb_text][et_pb_toggle title=\u00bbVer tr\u00e1mites\u00bb _builder_version=\u00bb4.27.4&#8243; _module_preset=\u00bbdefault\u00bb global_colors_info=\u00bb{}\u00bb]<\/p>\n<ul>\n<li><a href=\"https:\/\/atencionciudadana-nonprod.mendoza.gob.ar\/registro-de-vigilancia-privada-habilitacion-de-empresas-unipersonales\/\">Registro de Vigilancia Privada. Habilitaci\u00f3n de Empresas Unipersonales<\/a><\/li>\n<li><a href=\"https:\/\/atencionciudadana-nonprod.mendoza.gob.ar\/registro-de-vigilancia-privada-habilitacion-para-empresas-comerciales\/\">Registro de Vigilancia Privada. Habilitaci\u00f3n para empresas comerciales<\/a><\/li>\n<li><a href=\"https:\/\/atencionciudadana-nonprod.mendoza.gob.ar\/registro-de-vigilancia-privada-habilitacion-de-empresas-de-instalaciones-de-alarmas-y-monitoreo\/\">Registro de Vigilancia Privada. Habilitaci\u00f3n de Empresas de Instalaciones de Alarmas y Monitoreo<\/a><\/li>\n<li><a href=\"https:\/\/atencionciudadana-nonprod.mendoza.gob.ar\/registro-de-vigilancia-privada-habilitacion-de-jefe-o-encargado-de-seguridad-de-locales-bailables\/\">Registro de Vigilancia Privada. Habilitaci\u00f3n de Jefe o Encargado de Seguridad de Locales Bailables<\/a><\/li>\n<li><a href=\"https:\/\/atencionciudadana-nonprod.mendoza.gob.ar\/registro-de-vigilancia-privada-habilitacion-consorcio-y-o-porteria\/\">Registro de Vigilancia Privada. Habilitaci\u00f3n Consorcio y\/o Porter\u00eda<\/a><\/li>\n<li><a href=\"https:\/\/atencionciudadana-nonprod.mendoza.gob.ar\/registro-de-vigilancia-privada-habilitacion-para-director-y-subdirector-tecnico\/\">Registro de Vigilancia Privada. Habilitaci\u00f3n para Director y Subdirector T\u00e9cnico<\/a><\/li>\n<li><a href=\"https:\/\/atencionciudadana-nonprod.mendoza.gob.ar\/registro-de-vigilancia-privada-habilitacion-de-vehiculos\/\">Registro de Vigilancia Privada. Habilitaci\u00f3n de Veh\u00edculos<\/a><\/li>\n<li><a href=\"https:\/\/atencionciudadana-nonprod.mendoza.gob.ar\/registro-de-vigilancia-privada-cambio-de-domicilio\/\">Registro de Vigilancia Privada. Cambio de Domicilio<\/a><\/li>\n<li><a href=\"https:\/\/atencionciudadana-nonprod.mendoza.gob.ar\/registro-de-vigilancia-privada-habilitacion-de-vigilidores-privados\/\">Registro de Vigilancia Privada. Habilitaci\u00f3n de Vigiladores Privados<\/a><\/li>\n<\/ul>\n<p>[\/et_pb_toggle][\/et_pb_column][et_pb_column type=\u00bb1_3&#8243; _builder_version=\u00bb4.27.4&#8243; _module_preset=\u00bbdefault\u00bb custom_padding=\u00bb1em||||false|false\u00bb global_colors_info=\u00bb{}\u00bb][et_pb_text module_id=\u00bbcultura\u00bb _builder_version=\u00bb4.27.4&#8243; _module_preset=\u00bbdefault\u00bb text_font=\u00bb|600|||||||\u00bb text_text_color=\u00bb#FFFFFF\u00bb text_font_size=\u00bb20px\u00bb background_color=\u00bb#3CB4E5&#8243; custom_margin=\u00bb0px||0px||true|false\u00bb custom_padding=\u00bb1rem||1rem||true|false\u00bb border_radii=\u00bboff|15px|15px||\u00bb global_colors_info=\u00bb{}\u00bb]<\/p>\n<p style=\"text-align: center\">Registro o solicitudes<\/p>\n<p>[\/et_pb_text][et_pb_toggle title=\u00bbVer tr\u00e1mites\u00bb _builder_version=\u00bb4.27.4&#8243; _module_preset=\u00bbdefault\u00bb locked=\u00bboff\u00bb global_colors_info=\u00bb{}\u00bb]<\/p>\n<ul>\n<li><a href=\"https:\/\/atencionciudadana-nonprod.mendoza.gob.ar\/registro-de-armas\/\">Registro de Armas<\/a><\/li>\n<li><a href=\"https:\/\/atencionciudadana-nonprod.mendoza.gob.ar\/autorizacion-para-la-realizacion-de-eventos-que-utilizan-la-via-publica\/\">Autorizaci\u00f3n para la realizaci\u00f3n de eventos que utilizan la V\u00eda P\u00fablica<\/a><\/li>\n<li><a href=\"https:\/\/atencionciudadana-nonprod.mendoza.gob.ar\/recuperacion-de-documentacion-extraviada-predi\/\">Recuperaci\u00f3n de Documentaci\u00f3n extraviada \u2013 PREDI<\/a><\/li>\n<li><a href=\"https:\/\/atencionciudadana-nonprod.mendoza.gob.ar\/solicitar-la-actuacion-de-la-banda-de-musica-de-la-policia-de-mendoza\/\">Solicitar la actuaci\u00f3n de la Banda de M\u00fasica de la Polic\u00eda de Mendoza<\/a><\/li>\n<li><a href=\"https:\/\/atencionciudadana-nonprod.mendoza.gob.ar\/solicitud-de-un-servicio-policial-para-eventos\/\">Solicitud de un servicio policial para eventos<\/a><\/li>\n<li><a href=\"https:\/\/atencionciudadana-nonprod.mendoza.gob.ar\/categorizar-y-o-autorizar-locales-salones-o-eventos-bailables\/\">Categorizar y\/o autorizar locales, salones o eventos bailables<\/a><\/li>\n<li><a href=\"https:\/\/atencionciudadana-nonprod.mendoza.gob.ar\/pedido-de-la-banda-de-musica-del-servicio-penitenciario-de-mendoza-san-miguel-arcangel\/\">Pedido de la Banda de M\u00fasica del Servicio Penitenciario de Mendoza \u201cSan Miguel Arc\u00e1ngel\u201d<\/a><\/li>\n<li>\n<p><a href=\"https:\/\/atencionciudadana-nonprod.mendoza.gob.ar\/mediacion-resolucion-alternativa-de-conflictos\/\">Mediaci\u00f3n. Resoluci\u00f3n alternativa de Conflictos<\/a><\/p>\n<\/li>\n<\/ul>\n<p>[\/et_pb_toggle][\/et_pb_column][\/et_pb_row][\/et_pb_section]<\/p>\n","protected":false},"excerpt":{"rendered":"<p>\n    <form method=\"get\" action=\"https:\/\/atencionciudadana-nonprod.mendoza.gob.ar\/\" class=\"custom-search-form\">\n        <input type=\"text\" name=\"s\" placeholder=\"\u00bfQu\u00e9 tr\u00e1mite necesit\u00e1s?\" class=\"custom-search-input\" value=\"\" required>\n        <button type=\"submit\" class=\"custom-search-button\"><p>Buscar<\/p><image src=\"http:\/\/atencionciudadana-nonprod.mendoza.gob.ar\/wp-content\/uploads\/2025\/06\/Diseno_sin_titulo__1_-removebg-preview.png\" alt=\"buscar\"\/><\/button>\n    <\/form>\n\n\n    Tr\u00e1mites viales Acompa\u00f1amiento de Carret\u00f3n Autorizaci\u00f3n para descarga de hormig\u00f3n Carga del Pago de Actas en el Sistema Certificado de Antig\u00fcedad de Licencia de Conducir para ser presentado en ANSES Certificado de Antig\u00fcedad para presentar en otras provincias y\/o pa\u00edses Certificado de Legalidad de la Licencia de Conducir otorgada por la Polic\u00eda de Mendoza Consulta [&hellip;]<\/p>\n","protected":false},"author":60,"featured_media":0,"parent":0,"menu_order":0,"comment_status":"closed","ping_status":"closed","template":"","meta":{"_et_pb_use_builder":"on","_et_pb_old_content":"","_et_gb_content_width":"","footnotes":""},"class_list":["post-677","page","type-page","status-publish","hentry"],"_links":{"self":[{"href":"https:\/\/sitios-nonprod.mendoza.gob.ar\/seguridadyjusticia\/wp-json\/wp\/v2\/pages\/677","targetHints":{"allow":["GET"]}}],"collection":[{"href":"https:\/\/sitios-nonprod.mendoza.gob.ar\/seguridadyjusticia\/wp-json\/wp\/v2\/pages"}],"about":[{"href":"https:\/\/sitios-nonprod.mendoza.gob.ar\/seguridadyjusticia\/wp-json\/wp\/v2\/types\/page"}],"author":[{"embeddable":true,"href":"https:\/\/sitios-nonprod.mendoza.gob.ar\/seguridadyjusticia\/wp-json\/wp\/v2\/users\/60"}],"replies":[{"embeddable":true,"href":"https:\/\/sitios-nonprod.mendoza.gob.ar\/seguridadyjusticia\/wp-json\/wp\/v2\/comments?post=677"}],"version-history":[{"count":11,"href":"https:\/\/sitios-nonprod.mendoza.gob.ar\/seguridadyjusticia\/wp-json\/wp\/v2\/pages\/677\/revisions"}],"predecessor-version":[{"id":1825,"href":"https:\/\/sitios-nonprod.mendoza.gob.ar\/seguridadyjusticia\/wp-json\/wp\/v2\/pages\/677\/revisions\/1825"}],"wp:attachment":[{"href":"https:\/\/sitios-nonprod.mendoza.gob.ar\/seguridadyjusticia\/wp-json\/wp\/v2\/media?parent=677"}],"curies":[{"name":"wp","href":"https:\/\/api.w.org\/{rel}","templated":true}]}}